{"id":86,"date":"2013-03-24T13:50:40","date_gmt":"2013-03-24T11:50:40","guid":{"rendered":"http:\/\/donatus-werke.de\/2013\/?page_id=86"},"modified":"2016-03-15T10:45:53","modified_gmt":"2016-03-15T09:45:53","slug":"mitarbeitergespraeche","status":"publish","type":"page","link":"http:\/\/www.donatus-werke.de\/index.php\/kommunikation-im-mittelstand\/mitarbeitergespraeche\/","title":{"rendered":"Mitarbeitergespr\u00e4che erfolgreich f\u00fchren"},"content":{"rendered":"<p><span style=\"font-family: verdana, geneva; font-size: 12pt;\">Dieses Angebot richtet sich\u00a0insbesondere an F\u00fchrungskr\u00e4fte aus Technik und IT.<\/span><\/p>\n<p><span style=\"font-family: verdana, geneva; font-size: 12pt;\">Unter Ber\u00fccksichtigung der eigenen Kommunikationsweisen lernen Sie, wie Sie den Verhaltens- und Kommunikationstypus der Ihnen anvertrauten Mitarbeiter ermitteln und ber\u00fccksichtigen. Mitarbeitergespr\u00e4che, seien es Konfliktgespr\u00e4che oder Leistungs- und Entwicklungsgespr\u00e4che werden f\u00fcr Sie zuk\u00fcnftig ein F\u00fchrungsinstrument und Werkzeug sein, Ihre Ziele schneller zu erreichen.<\/span><\/p>\n<p><span style=\"font-family: verdana, geneva; font-size: 12pt;\">Insbesondere werden im Seminar folgende Themen behandelt:<\/span><\/p>\n<p><span style=\"font-family: verdana, geneva; font-size: 12pt;\">\u2022 Grundlagen der Verhaltens- und Kommunikationstypologien<\/span><br \/>\n<span style=\"font-family: verdana, geneva; font-size: 12pt;\">\u2022 Grundlagen der Kommunikation<\/span><br \/>\n<span style=\"font-family: verdana, geneva; font-size: 12pt;\">\u2022 Konfliktgespr\u00e4che meistern<\/span><br \/>\n<span style=\"font-family: verdana, geneva; font-size: 12pt;\">\u2022 Richtig fragen und zuh\u00f6ren<\/span><br \/>\n<span style=\"font-family: verdana, geneva; font-size: 12pt;\">\u2022 Schriftliche Kommunikation<\/span><br \/>\n<span style=\"font-family: verdana, geneva; font-size: 12pt;\">\u2022 Informationen sammeln und Mitteilungen verstehen<\/span><br \/>\n<span style=\"font-family: verdana, geneva; font-size: 12pt;\">\u2022 Erfahrungsaustausch zu speziellen Situationen<\/span><\/p>\n","protected":false},"excerpt":{"rendered":"<p>Dieses Angebot richtet sich\u00a0insbesondere an F\u00fchrungskr\u00e4fte aus Technik und IT. Unter Ber\u00fccksichtigung der eigenen Kommunikationsweisen lernen Sie, wie Sie den [&hellip;]<\/p>\n","protected":false},"author":1,"featured_media":0,"parent":45,"menu_order":10,"comment_status":"open","ping_status":"closed","template":"","meta":[],"_links":{"self":[{"href":"http:\/\/www.donatus-werke.de\/index.php\/wp-json\/wp\/v2\/pages\/86"}],"collection":[{"href":"http:\/\/www.donatus-werke.de\/index.php\/wp-json\/wp\/v2\/pages"}],"about":[{"href":"http:\/\/www.donatus-werke.de\/index.php\/wp-json\/wp\/v2\/types\/page"}],"author":[{"embeddable":true,"href":"http:\/\/www.donatus-werke.de\/index.php\/wp-json\/wp\/v2\/users\/1"}],"replies":[{"embeddable":true,"href":"http:\/\/www.donatus-werke.de\/index.php\/wp-json\/wp\/v2\/comments?post=86"}],"version-history":[{"count":10,"href":"http:\/\/www.donatus-werke.de\/index.php\/wp-json\/wp\/v2\/pages\/86\/revisions"}],"predecessor-version":[{"id":545,"href":"http:\/\/www.donatus-werke.de\/index.php\/wp-json\/wp\/v2\/pages\/86\/revisions\/545"}],"up":[{"embeddable":true,"href":"http:\/\/www.donatus-werke.de\/index.php\/wp-json\/wp\/v2\/pages\/45"}],"wp:attachment":[{"href":"http:\/\/www.donatus-werke.de\/index.php\/wp-json\/wp\/v2\/media?parent=86"}],"curies":[{"name":"wp","href":"https:\/\/api.w.org\/{rel}","templated":true}]}}