{"id":76,"date":"2018-05-22T15:58:11","date_gmt":"2018-05-22T14:58:11","guid":{"rendered":"http:\/\/donatus-werke.de\/2013\/?page_id=76"},"modified":"2022-01-10T11:04:06","modified_gmt":"2022-01-10T10:04:06","slug":"impressum","status":"publish","type":"page","link":"http:\/\/www.donatus-werke.de\/index.php\/impressum\/","title":{"rendered":"Impressum"},"content":{"rendered":"<h1>Business Mentor f\u00fcr nachhaltigen Vertrieb und strategisches Personalmanagement in KMU<\/h1>\n<p>Donatus-Werke<br \/>\nMichael Donatus<br \/>\nM.-H\u00e4ussler-Weg 15<br \/>\n07743 Jena<br \/>\nE: <a href=\"mailto:mid@donatus-werke.de\">mid@donatus-werke.de<\/a><br \/>\nM: +49 (0)151 6511 6249<\/p>\n<p>Verantwortlich f\u00fcr den Inhalt: Michael Donatus<\/p>\n<p>Gesch\u00e4ftsf\u00fchrer: Michael Donatus<br \/>\nHandelsregister: nicht eingetragen<br \/>\nAmtsgericht: Dresden<br \/>\nSitz der Gesellschaft: Dresden<\/p>\n<p>Steuernummer: 202\/213\/02991<\/p>\n<h2>Rechtliche Hinweise<\/h2>\n<p>Michael Donatus freut sich \u00fcber Ihren Besuch auf der Website www.donatus-werke.de sowie \u00fcber Ihr Interesse an den von uns angebotenen Inhalten und Informationen \u00fcber nachhaltigen Vertrieb. Der Schutz Ihrer personenbezogenen Daten ist gew\u00e4hrleistet, wir versichern Ihnen, dass Sie sich w\u00e4hrend des Besuchs unserer Seite sicher f\u00fchlen k\u00f6nnen. Alle pers\u00f6nlichen Daten, die bei Ihrem Besuch anfallen, werden gem\u00e4\u00df der gesetzlichen Bestimmungen, insbesondere des Bundesdatenschutzgesetzes (BDSG), des Teledienstedatenschutzgesetzes (TDDSG) und der Telekommunikations-Datenschutzverordnung (TDSV) verarbeitet.<\/p>\n<p style=\"color: #5e5e5d;\"><strong><span lang=\"DE\">Datenschutzerkl\u00e4rung<\/span><\/strong><\/p>\n<p style=\"color: #5e5e5d;\"><strong><span lang=\"DE\">Name und Anschrift der verantwortlichen Stelle<\/span><\/strong><\/p>\n<p style=\"color: #5e5e5d;\">Michael Donatus<\/p>\n<p style=\"color: #5e5e5d;\">M.-H\u00e4ussler-Weg 15<\/p>\n<p style=\"color: #5e5e5d;\"><span lang=\"DE\">07743 Jena<\/span><\/p>\n<p style=\"color: #5e5e5d;\"><span lang=\"DE\">Telefon:\u00a00151 6511 6249<\/span><\/p>\n<p style=\"color: #5e5e5d;\"><span lang=\"DE\">E-Mail: info@donatus-werke.de\u00a0<\/span><\/p>\n<p style=\"color: #5e5e5d;\"><strong><span lang=\"DE\">Datenschutz<\/span><\/strong><\/p>\n<p style=\"color: #5e5e5d;\"><span lang=\"DE\">Wir nehmen den Schutz Ihrer pers\u00f6nlichen Daten sehr ernst. Wir behandeln Ihre personenbezogenen Daten vertraulich und entsprechend der gesetzlichen Datenschutzvorschriften sowie dieser Datenschutzerkl\u00e4rung.<\/span><\/p>\n<p style=\"color: #5e5e5d;\"><span lang=\"DE\">Die Nutzung unserer Webseite ist in der Regel ohne Angabe personenbezogener Daten m\u00f6glich. Soweit auf unseren Seiten personenbezogene Daten (beispielsweise Name, Anschrift oder E-Mail-Adressen) erhoben werden, erfolgt dies, soweit m\u00f6glich, stets auf freiwilliger Basis. Diese Daten werden ohne Ihre ausdr\u00fcckliche Zustimmung nicht an Dritte weitergegeben.<\/span><\/p>\n<p style=\"color: #5e5e5d;\"><span lang=\"DE\">Wir weisen darauf hin, dass die Daten\u00fcbertragung im Internet (z.B. bei der Kommunikation per E-Mail) Sicherheitsl\u00fccken aufweisen kann. Ein l\u00fcckenloser Schutz der Daten vor dem Zugriff durch Dritte ist nicht m\u00f6glich.<\/span><\/p>\n<p style=\"color: #5e5e5d;\"><strong><span lang=\"DE\">Cookies<\/span><\/strong><\/p>\n<p style=\"color: #5e5e5d;\"><span lang=\"DE\">Die Internetseiten verwenden teilweise so genannte Cookies. Cookies richten auf Ihrem Rechner keinen Schaden an und enthalten keine Viren. Cookies dienen dazu, unser Angebot nutzerfreundlicher, effektiver und sicherer zu machen. Cookies sind kleine Textdateien, die auf Ihrem Rechner abgelegt werden und die Ihr Browser speichert.<\/span><\/p>\n<p style=\"color: #5e5e5d;\"><span lang=\"DE\">Die meisten der von uns verwendeten Cookies sind so genannte \u201eSession-Cookies\u201c. Sie werden nach Ende Ihres Besuchs automatisch gel\u00f6scht. Andere Cookies bleiben auf Ihrem Endger\u00e4t gespeichert, bis Sie diese l\u00f6schen. Diese Cookies erm\u00f6glichen es uns, Ihren Browser beim n\u00e4chsten Besuch wiederzuerkennen.<\/span><\/p>\n<p style=\"color: #5e5e5d;\"><span lang=\"DE\">Sie k\u00f6nnen Ihren Browser so einstellen, dass Sie \u00fcber das Setzen von Cookies informiert werden und Cookies nur im Einzelfall erlauben, die Annahme von Cookies f\u00fcr bestimmte F\u00e4lle oder generell ausschlie\u00dfen sowie das automatische L\u00f6schen der Cookies beim Schlie\u00dfen des Browser aktivieren. Bei der Deaktivierung von Cookies kann die Funktionalit\u00e4t dieser Website eingeschr\u00e4nkt sein.<\/span><\/p>\n<p style=\"color: #5e5e5d;\"><strong><span lang=\"DE\">Server-Log-Files<\/span><\/strong><\/p>\n<p style=\"color: #5e5e5d;\"><span lang=\"DE\">Der Provider der Seiten erhebt und speichert automatisch Informationen in so genannten Server-Log Files, die Ihr Browser automatisch an uns \u00fcbermittelt. Dies sind:<\/span><\/p>\n<p style=\"color: #5e5e5d;\"><span lang=\"DE\">\u2022IP-Adresse,<\/span><\/p>\n<p style=\"color: #5e5e5d;\"><span lang=\"DE\">\u2022Datum und Uhrzeit des Zugriffs,<\/span><\/p>\n<p style=\"color: #5e5e5d;\"><span lang=\"DE\">\u2022Name und URL der abgerufenen Datei,<\/span><\/p>\n<p style=\"color: #5e5e5d;\"><span lang=\"DE\">\u2022Website, von der aus der Zugriff erfolgt (Referrer-URL),<\/span><\/p>\n<p style=\"color: #5e5e5d;\"><span lang=\"DE\">\u2022verwendeter Browser und ggf. das Betriebssystem Ihres Rechners sowie der Name Ihres Access-Providers.<\/span><\/p>\n<p style=\"color: #5e5e5d;\"><span lang=\"DE\">\u00a0<\/span><\/p>\n<p style=\"color: #5e5e5d;\"><span lang=\"DE\">Die genannten Daten werden durch uns zu folgenden Zwecken verarbeitet:<\/span><\/p>\n<p style=\"color: #5e5e5d;\"><span lang=\"DE\">\u2022Gew\u00e4hrleistung eines reibungslosen Verbindungsaufbaus der Website,<\/span><\/p>\n<p style=\"color: #5e5e5d;\"><span lang=\"DE\">\u00a0\u00a0\u00a0\u00a0\u00a0\u00a0\u00a0\u00a0\u00a0\u00a0\u00a0\u00a0\u2022Gew\u00e4hrleistung einer komfortablen Nutzung unserer Website,<\/span><\/p>\n<p style=\"color: #5e5e5d;\"><span lang=\"DE\">\u00a0\u00a0\u00a0\u00a0\u00a0\u00a0\u00a0\u00a0\u00a0\u00a0\u00a0\u00a0\u2022Auswertung der Systemsicherheit und -stabilit\u00e4t sowie<\/span><\/p>\n<p style=\"color: #5e5e5d;\"><span lang=\"DE\">\u00a0\u00a0\u00a0\u00a0\u00a0\u00a0\u00a0\u00a0\u00a0\u00a0\u00a0\u00a0\u2022zu weiteren administrativen Zwecken<\/span><\/p>\n<p style=\"color: #5e5e5d;\"><span lang=\"DE\">\u00a0<\/span><\/p>\n<p style=\"color: #5e5e5d;\"><span lang=\"DE\">Diese Daten sind nicht bestimmten Personen zuordenbar.\u00a0\u00a0Eine Zusammenf\u00fchrung dieser Daten mit anderen Datenquellen wird nicht vorgenommen. Wir behalten uns vor, diese Daten nachtr\u00e4glich zu pr\u00fcfen, wenn uns konkrete Anhaltspunkte f\u00fcr eine rechtswidrige Nutzung bekannt werden.<\/span><\/p>\n<p style=\"color: #5e5e5d;\"><span lang=\"DE\">Die Daten werden nach den gesetzlichen Vorschriften gel\u00f6scht.<\/span><\/p>\n<p style=\"color: #5e5e5d;\"><strong><span lang=\"DE\">Kontaktformular<\/span><\/strong><\/p>\n<p style=\"color: #5e5e5d;\"><span lang=\"DE\">Auf unserer Internetseite kann sich ein Kontaktformular befinden, welches f\u00fcr die elektronische Kontaktaufnahme genutzt werden kann. Nimmt ein Nutzer diese M\u00f6glichkeit in Anspruch, so werden die in der Eingabemaske eingegeben Daten an uns \u00fcbermittelt und gespeichert. F\u00fcr die Bearbeitung sind folgende Daten notwendig:<\/span><\/p>\n<p style=\"color: #5e5e5d;\"><span lang=\"DE\">Name, Vorname, Firma, Mail-Adresse, Anliegen.<\/span><\/p>\n<p style=\"color: #5e5e5d;\"><span lang=\"DE\">Die Speicherung erfolgt f\u00fcr die\u00a0\u00a0Bearbeitung der Anfrage und f\u00fcr den Fall von Anschlussfragen bei uns.\u00a0<\/span><\/p>\n<p style=\"color: #5e5e5d;\"><span lang=\"DE\">Weiterhin werden die Server-Log-Files wie oben beschrieben gespeichert.<\/span><\/p>\n<p style=\"color: #5e5e5d;\"><span lang=\"DE\">Die Nutzung des Kontaktformulares durch den Nutzer erfolgt ausdr\u00fccklich auf freiwilliger Basis und nur mit Einwilligung des Nutzers. Mit der Eingabe der Daten in das Formular und das Absenden erkl\u00e4rt der Nutzer seine Einwilligung mit der Verarbeitung der von ihm \u00fcbermittelten Daten.<\/span><\/p>\n<p style=\"color: #5e5e5d;\"><span lang=\"DE\">Die Rechtsgrundlage ist bei Vorliegen der Einwilligung des Nutzers Art. 6, Abs. 1 der DSGVO.<\/span><\/p>\n<p style=\"color: #5e5e5d;\"><span lang=\"DE\">Diese Daten geben wir nicht ohne Ihre Einwilligung weiter.<\/span><\/p>\n<p class=\"Paragraph\" style=\"color: #5e5e5d;\"><span lang=\"DE\" style=\"color: windowtext;\">Die Daten werden gel\u00f6scht, wenn:<\/span><\/p>\n<p class=\"Paragraph\" style=\"color: #5e5e5d;\"><span lang=\"DE\" style=\"color: windowtext;\">&#8211;\u00a0\u00a0\u00a0\u00a0\u00a0\u00a0\u00a0<\/span><span lang=\"DE\" style=\"color: windowtext;\">das Anliegen abschlie\u00dfend gekl\u00e4rt werden konnte,<\/span><\/p>\n<p class=\"Paragraph\" style=\"color: #5e5e5d;\"><span lang=\"DE\" style=\"color: windowtext;\">&#8211;\u00a0\u00a0\u00a0\u00a0\u00a0\u00a0\u00a0<\/span><span lang=\"DE\" style=\"color: windowtext;\">der Zweck f\u00fcr die Speicherung entf\u00e4llt oder<\/span><\/p>\n<p class=\"Paragraph\" style=\"color: #5e5e5d;\"><span lang=\"DE\" style=\"color: windowtext;\">&#8211;\u00a0\u00a0\u00a0\u00a0\u00a0\u00a0\u00a0<\/span><span lang=\"DE\" style=\"color: windowtext;\">eine Aufbewahrungsfrist durch Gesetze vorgegeben ist, soweit keine Einwilligung ihrerseits \u00fcber eine l\u00e4ngere\u00a0 \u00a0 \u00a0 \u00a0Speicherung vorliegt.<\/span><\/p>\n<p class=\"Paragraph\" style=\"color: #5e5e5d;\"><span lang=\"DE\" style=\"color: windowtext;\">\u00a0<\/span><\/p>\n<p style=\"color: #5e5e5d;\"><span lang=\"DE\">Eine gegebene Einwilligung kann jederzeit mit Wirkung f\u00fcr die Zukunft widerrufen werden. Der Widerruf sollte schriftlich gerichtet werden an: Michael Donatus, Tieckstr. 11, 01099Dresden<\/span><\/p>\n<p style=\"color: #5e5e5d;\"><strong><span lang=\"DE\">\u00a0<\/span><\/strong><\/p>\n<p style=\"color: #5e5e5d;\"><strong><span lang=\"DE\">Nutzung von Google Analytics<\/span><\/strong><\/p>\n<p style=\"color: #5e5e5d;\"><span lang=\"DE\">Diese Website nutzt Funktionen des\u00a0\u00a0Webanalysedienstes Google Analytics.<\/span><span lang=\"DE\">\u00a0<\/span><span lang=\"DE\">Google Analytics verwendet sog. \u201eCookies\u201c. Das sind Textdateien, die auf Ihrem Computer gespeichert werden und die eine Analyse der Benutzung der Website durch Sie erm\u00f6glichen. Die durch den Cookie erzeugten Informationen \u00fcber Ihre Benutzung dieser Website werden in der Regel an einen Server von Google in den USA \u00fcbertragen und dort gespeichert.<\/span><\/p>\n<p style=\"color: #5e5e5d;\"><span lang=\"DE\">Im Falle der Aktivierung der IP-Anonymisierung auf dieser Webseite wird Ihre IP-Adresse von Google jedoch innerhalb von Mitgliedstaaten der Europ\u00e4ischen Union oder in anderen Vertragsstaaten des Abkommens \u00fcber den Europ\u00e4ischen Wirtschaftsraum zuvor gek\u00fcrzt. Nur in Ausnahmef\u00e4llen wird die volle IP-Adresse an einen Server von Google in den USA \u00fcbertragen und dort gek\u00fcrzt. Im Auftrag des Betreibers dieser Website wird Google diese Informationen benutzen, um Ihre Nutzung der Website auszuwerten, um Reports \u00fcber die Websiteaktivit\u00e4ten zusammenzustellen und um weitere mit der Websitenutzung und der Internetnutzung verbundene Dienstleistungen gegen\u00fcber dem Websitebetreiber zu erbringen. Die im Rahmen von Google Analytics von Ihrem Browser \u00fcbermittelte IP-Adresse wird nicht mit anderen Daten von Google zusammengef\u00fchrt.<\/span><\/p>\n<p style=\"color: #5e5e5d;\"><span lang=\"DE\">Sie k\u00f6nnen die Speicherung der Cookies durch eine entsprechende Einstellung Ihrer Browser-Software verhindern; wir weisen Sie jedoch darauf hin, dass Sie in diesem Fall gegebenenfalls nicht s\u00e4mtliche Funktionen dieser Website vollumf\u00e4nglich werden nutzen k\u00f6nnen.<\/span><\/p>\n<p style=\"color: #5e5e5d;\"><strong><span lang=\"DE\">Auskunft, L\u00f6schung, Sperrung<\/span><\/strong><\/p>\n<p style=\"color: #5e5e5d;\"><span lang=\"DE\">Sie haben jederzeit das Recht auf unentgeltliche Auskunft \u00fcber Ihre gespeicherten personenbezogenen Daten, deren Herkunft und Empf\u00e4nger und den Zweck der Datenverarbeitung. Sie haben das Recht auf Berichtigung, Sperrung oder L\u00f6schung dieser Daten. Sollten sie dies gegen\u00fcber dem Verantwortlichen geltend machen, ist er verpflichtet, allen Empf\u00e4ngern, denen die sie betreffenden personenbezogenen Daten offengelegt wurden, diese Berichtigung, L\u00f6schung oder Einschr\u00e4nkung der Nutzung mitzuteilen. Erweist sich dies als unm\u00f6glich oder ist mit einem unverh\u00e4ltnism\u00e4\u00dfigen hohen Aufwand verbunden, haben sie das Recht, \u00fcber diese Empf\u00e4nger unterrichtet zu werden.<\/span><\/p>\n<p style=\"color: #5e5e5d;\"><strong><span lang=\"DE\">Daten\u00fcbertragbarkeit<\/span><\/strong><\/p>\n<p style=\"color: #5e5e5d;\"><span lang=\"DE\">Sie haben das Recht zu erwirken, dass die sie betreffenden personenbezogenen Daten direkt zu einem anderen Verantwortlichen \u00fcbermittelt werden, soweit dies technisch m\u00f6glich ist. Rechte und Freiheiten anderer Personen d\u00fcrfen hiervon nicht beeintr\u00e4chtigt werden.<\/span><\/p>\n<p style=\"color: #5e5e5d;\"><span lang=\"DE\">Hierzu sowie zu weiteren Fragen zum Thema personenbezogene Daten k\u00f6nnen Sie sich jederzeit unter oben genannter Adresse an uns wenden.<\/span><\/p>\n<p style=\"color: #5e5e5d;\"><strong><span lang=\"DE\">Recht auf Beschwerde bei einer Aufsichtsbeh\u00f6rde<\/span><\/strong><\/p>\n<p style=\"color: #5e5e5d;\"><span lang=\"DE\">Sollten Sie der Ansicht sein, dass die Verarbeitung Ihrer personenbezogenen Daten nicht ordnungsgem\u00e4\u00df erfolgt, haben Sie jederzeit das Recht zur Beschwerde bei einer Aufsichtsbeh\u00f6rde.<\/span><\/p>\n<p style=\"color: #5e5e5d;\"><strong><span lang=\"DE\">Aktualit\u00e4t und \u00c4nderung dieser Datenschutzerkl\u00e4rung<\/span><\/strong><\/p>\n<p style=\"color: #5e5e5d;\"><span lang=\"DE\">Diese Datenschutzerkl\u00e4rung ist aktuell g\u00fcltig und hat den Stand Mai 2018.<\/span><\/p>\n<p style=\"color: #5e5e5d;\"><span lang=\"DE\">Durch die Weiterentwicklung unserer Website und Angebote dar\u00fcber oder aufgrund ge\u00e4nderter gesetzlicher beziehungsweise beh\u00f6rdlicher Vorgaben kann es notwendig werden, diese Datenschutzerkl\u00e4rung zu \u00e4ndern. Die jeweils aktuelle Datenschutzerkl\u00e4rung kann jederzeit auf der Website unter http:\/\/www.donatus-werke.de von Ihnen abgerufen und ausgedruckt werden.<\/span><\/p>\n<p>Wichtiger Hinweis:<\/p>\n<p>Im Falle von urheberrechtlichen, wettbewerbsrechtlichen oder \u00e4hnlichen Problemen, Domainstreitigkeiten usw. bitten wir Sie, zur Vermeidung unn\u00f6tiger Rechtsstreite und Kosten, uns bereits im Vorfeld zu kontaktieren. Die Kostennote einer anwaltlichen Abmahnung ohne vorhergehende Kontaktaufnahme wird im Sinne der Schadensminderungspflicht als unbegr\u00fcndet zur\u00fcckgewiesen.<\/p>\n<p>Copyright \u00a9 2022 Michael Donatus<\/p>\n","protected":false},"excerpt":{"rendered":"<p>Business Mentor f\u00fcr nachhaltigen Vertrieb und strategisches Personalmanagement in KMU Donatus-Werke Michael Donatus M.-H\u00e4ussler-Weg 15 07743 Jena E: mid@donatus-werke.de M: [&hellip;]<\/p>\n","protected":false},"author":1,"featured_media":0,"parent":0,"menu_order":0,"comment_status":"open","ping_status":"open","template":"","meta":[],"_links":{"self":[{"href":"http:\/\/www.donatus-werke.de\/index.php\/wp-json\/wp\/v2\/pages\/76"}],"collection":[{"href":"http:\/\/www.donatus-werke.de\/index.php\/wp-json\/wp\/v2\/pages"}],"about":[{"href":"http:\/\/www.donatus-werke.de\/index.php\/wp-json\/wp\/v2\/types\/page"}],"author":[{"embeddable":true,"href":"http:\/\/www.donatus-werke.de\/index.php\/wp-json\/wp\/v2\/users\/1"}],"replies":[{"embeddable":true,"href":"http:\/\/www.donatus-werke.de\/index.php\/wp-json\/wp\/v2\/comments?post=76"}],"version-history":[{"count":13,"href":"http:\/\/www.donatus-werke.de\/index.php\/wp-json\/wp\/v2\/pages\/76\/revisions"}],"predecessor-version":[{"id":607,"href":"http:\/\/www.donatus-werke.de\/index.php\/wp-json\/wp\/v2\/pages\/76\/revisions\/607"}],"wp:attachment":[{"href":"http:\/\/www.donatus-werke.de\/index.php\/wp-json\/wp\/v2\/media?parent=76"}],"curies":[{"name":"wp","href":"https:\/\/api.w.org\/{rel}","templated":true}]}}