{"id":6,"date":"2019-06-09T12:12:54","date_gmt":"2019-06-09T11:12:54","guid":{"rendered":"http:\/\/donatus-werke.de\/2013\/?page_id=6"},"modified":"2019-06-09T13:29:37","modified_gmt":"2019-06-09T12:29:37","slug":"ueber-mich","status":"publish","type":"page","link":"http:\/\/www.donatus-werke.de\/index.php\/ueber-mich\/","title":{"rendered":"\u00dcber mich"},"content":{"rendered":"<p><span style=\"font-family: verdana, geneva;\">Ich hei\u00dfe Michael Donatus, bin Diplom &#8211; Kaufmann, 44\u00a0Jahre alt und Vater eines Sohnes. Dar\u00fcber hinaus finde ich Menschen sehr interessant und kommuniziere sehr gerne. Diese Vorliebe habe ich zu meinem Beruf gemacht. Zuerst als einfacher Verk\u00e4ufer, sp\u00e4ter dann mit F\u00fchrungsaufgaben und als interner Coach. Seit mehreren Jahren unterst\u00fctze ich nun mittelst\u00e4ndische Unternehmen mit einem Technik oder IT Hintergrund bei den Themen F\u00fchrung, interne Kommunikation, Vertrieb, Change Management und Innovation. Das letzte, ganz besonders spannende und lehrreiche Projekt, hat mir zudem die M\u00f6glichkeit gegeben, zwei Jahre den internationalen Vertrieb, vor Allem in Richtung Asien kennen- und lieben zulernen.\u00a0<\/span><\/p>\n<p><span style=\"font-family: verdana, geneva;\">Hier nun die letzten Stationen:<\/span><\/p>\n<p><a href=\"http:\/\/www.donatus-werke.de\/wp-content\/uploads\/2013\/03\/Stationen-2.jpg\"><img loading=\"lazy\" class=\"aligncenter wp-image-594 size-full\" src=\"http:\/\/www.donatus-werke.de\/wp-content\/uploads\/2013\/03\/Stationen-2.jpg\" alt=\"Vertrieb\" width=\"1005\" height=\"504\" srcset=\"http:\/\/www.donatus-werke.de\/wp-content\/uploads\/2013\/03\/Stationen-2.jpg 1005w, http:\/\/www.donatus-werke.de\/wp-content\/uploads\/2013\/03\/Stationen-2-300x150.jpg 300w\" sizes=\"(max-width: 1005px) 100vw, 1005px\" \/><\/a><\/p>\n<p><span style=\"font-family: verdana, geneva;\">\u00a0Und das letzte Projekt etwas detaillierter:<\/span><\/p>\n<p><a href=\"http:\/\/www.donatus-werke.de\/wp-content\/uploads\/2019\/06\/letzte-Station-2019.jpg\"><img loading=\"lazy\" class=\"aligncenter wp-image-599 size-large\" src=\"http:\/\/www.donatus-werke.de\/wp-content\/uploads\/2019\/06\/letzte-Station-2019-1024x468.jpg\" alt=\"international Sales\" width=\"640\" height=\"292\" srcset=\"http:\/\/www.donatus-werke.de\/wp-content\/uploads\/2019\/06\/letzte-Station-2019-1024x468.jpg 1024w, http:\/\/www.donatus-werke.de\/wp-content\/uploads\/2019\/06\/letzte-Station-2019-300x137.jpg 300w, http:\/\/www.donatus-werke.de\/wp-content\/uploads\/2019\/06\/letzte-Station-2019.jpg 1284w\" sizes=\"(max-width: 640px) 100vw, 640px\" \/><\/a><\/p>\n","protected":false},"excerpt":{"rendered":"<p>Ich hei\u00dfe Michael Donatus, bin Diplom &#8211; Kaufmann, 44\u00a0Jahre alt und Vater eines Sohnes. Dar\u00fcber hinaus finde ich Menschen sehr [&hellip;]<\/p>\n","protected":false},"author":1,"featured_media":0,"parent":0,"menu_order":0,"comment_status":"open","ping_status":"open","template":"","meta":[],"_links":{"self":[{"href":"http:\/\/www.donatus-werke.de\/index.php\/wp-json\/wp\/v2\/pages\/6"}],"collection":[{"href":"http:\/\/www.donatus-werke.de\/index.php\/wp-json\/wp\/v2\/pages"}],"about":[{"href":"http:\/\/www.donatus-werke.de\/index.php\/wp-json\/wp\/v2\/types\/page"}],"author":[{"embeddable":true,"href":"http:\/\/www.donatus-werke.de\/index.php\/wp-json\/wp\/v2\/users\/1"}],"replies":[{"embeddable":true,"href":"http:\/\/www.donatus-werke.de\/index.php\/wp-json\/wp\/v2\/comments?post=6"}],"version-history":[{"count":35,"href":"http:\/\/www.donatus-werke.de\/index.php\/wp-json\/wp\/v2\/pages\/6\/revisions"}],"predecessor-version":[{"id":600,"href":"http:\/\/www.donatus-werke.de\/index.php\/wp-json\/wp\/v2\/pages\/6\/revisions\/600"}],"wp:attachment":[{"href":"http:\/\/www.donatus-werke.de\/index.php\/wp-json\/wp\/v2\/media?parent=6"}],"curies":[{"name":"wp","href":"https:\/\/api.w.org\/{rel}","templated":true}]}}