{"id":288,"date":"2016-10-12T11:02:51","date_gmt":"2016-10-12T10:02:51","guid":{"rendered":"http:\/\/donatus-werke.de\/?page_id=288"},"modified":"2017-02-17T14:40:33","modified_gmt":"2017-02-17T13:40:33","slug":"stellenanzeigen","status":"publish","type":"page","link":"http:\/\/www.donatus-werke.de\/index.php\/stellenanzeigen\/","title":{"rendered":"Stellenanzeigen"},"content":{"rendered":"<p><!-- [if gte mso 9]><xml>\n<w:WordDocument>\n<w:View>Normal<\/w:View>\n<w:Zoom>0<\/w:Zoom>\n<w:HyphenationZone>21<\/w:HyphenationZone>\n<w:PunctuationKerning\/>\n<w:ValidateAgainstSchemas\/>\n<w:SaveIfXMLInvalid>false<\/w:SaveIfXMLInvalid>\n<w:IgnoreMixedContent>false<\/w:IgnoreMixedContent>\n<w:AlwaysShowPlaceholderText>false<\/w:AlwaysShowPlaceholderText>\n<w:Compatibility>\n<w:BreakWrappedTables\/>\n<w:SnapToGridInCell\/>\n<w:WrapTextWithPunct\/>\n<w:UseAsianBreakRules\/>\n<w:DontGrowAutofit\/>\n<\/w:Compatibility>\n<w:BrowserLevel>MicrosoftInternetExplorer4<\/w:BrowserLevel>\n<\/w:WordDocument>\n<\/xml><![endif]--><\/p>\n<h3 style=\"color: #000000;\" align=\"center\"><strong>Leiter Konstruktion \/ Technologie<\/strong><\/h3>\n<p style=\"color: rgb(94, 94, 93); text-align: center;\">Arbeitsort Dresden-Niedersedlitz<\/p>\n<p style=\"color: #5e5e5d;\">\n<p style=\"color: #5e5e5d;\">Unser Kunde, die FAD Fertigungs- und Automatisierungstechnik GmbH ist ein auf hydraulische Spannvorrichtungen f\u00fcr die Serienfertigung und Sondermaschinenbau spezialisiertes mittelst\u00e4ndisches Unternehmen mit \u00fcber 30 Mitarbeitern, eigener Konstruktion und Entwicklung und einem modernen Maschinenpark.<\/p>\n<p style=\"color: #5e5e5d;\">\n<p style=\"color: #5e5e5d;\">Ihre\u00a0Kunden sch\u00e4tzen besonders die enormen Einsparpotentiale, die sie mit ihnen\u00a0realisieren k\u00f6nnen, die kurzen Reaktionszeiten und das hochqualifizierte Personal. Ihre\u00a0Mitarbeiter sind Fachleute und Experten. Sie loben vor allem das kollegiale Miteinander, den hohen Anspruch der Arbeit und die Besch\u00e4ftigungssicherheit. Sie\u00a0feiern aber auch gerne gemeinsam ihre\u00a0Erfolge.<\/p>\n<p style=\"color: #5e5e5d;\">\n<p style=\"color: #5e5e5d;\">F\u00fcr ihre weitere Expansion sucht die FAD als Leiter Konstruktion und Technologie einen versierten Dipl.-Ing. im Maschinenbau mit mindestens 15 Jahren Berufserfahrung.<\/p>\n<p style=\"color: #5e5e5d;\"><strong>Sie bringen mit:<\/strong><\/p>\n<p style=\"color: #5e5e5d;\">&#8211;\u00a0\u00a0\u00a0\u00a0\u00a0\u00a0\u00a0\u00a0\u00a0\u00a0Abschluss als Dipl.-Ing. Maschinenbau an einer Universit\u00e4t<\/p>\n<p style=\"color: #5e5e5d;\">&#8211;\u00a0\u00a0\u00a0\u00a0\u00a0\u00a0\u00a0\u00a0\u00a0\u00a0Umfangreiche Erfahrungen in der Konstruktion von Spannvorrichtungen und\/oder im Sondermaschinenbau<\/p>\n<p style=\"color: #5e5e5d;\">&#8211;\u00a0\u00a0\u00a0\u00a0\u00a0\u00a0\u00a0\u00a0\u00a0\u00a0Ausgepr\u00e4gte Probleml\u00f6sungskompetenz beim Kunden<\/p>\n<p style=\"color: #5e5e5d;\">&#8211;\u00a0\u00a0\u00a0\u00a0\u00a0\u00a0\u00a0\u00a0\u00a0\u00a0Freude an der Arbeit und Kommunikation mit Menschen<\/p>\n<p style=\"color: #5e5e5d;\">&#8211;\u00a0\u00a0\u00a0\u00a0\u00a0\u00a0\u00a0\u00a0\u00a0\u00a0Starkes, eigenmotiviertes Interesse an neuen Technologien und M\u00e4rkten<\/p>\n<p style=\"color: #5e5e5d;\">&#8211;\u00a0\u00a0\u00a0\u00a0\u00a0\u00a0\u00a0\u00a0\u00a0\u00a0Englisch flie\u00dfend, F\u00fchrungserfahrung ist von Vorteil aber nicht Bedingung.<\/p>\n<p style=\"color: #5e5e5d;\"><strong>Ihre Aufgaben sind:<\/strong><\/p>\n<p style=\"color: #5e5e5d;\">&#8211;\u00a0\u00a0\u00a0\u00a0\u00a0\u00a0\u00a0\u00a0\u00a0\u00a0Erfassen und Aufbereiten des vorhandenen Wissens zur Vorrichtungskonstruktion<\/p>\n<p style=\"color: #5e5e5d;\">&#8211;\u00a0\u00a0\u00a0\u00a0\u00a0\u00a0\u00a0\u00a0\u00a0\u00a0Fachliche und disziplinarische Anleitung der Bereiche Konstruktion und Arbeitsvorbereitung \/ Technologie und eigene Konstruktionsleistungen<\/p>\n<p style=\"color: #5e5e5d;\">&#8211;\u00a0\u00a0\u00a0\u00a0\u00a0\u00a0\u00a0\u00a0\u00a0\u00a0Technische Kundenberatung bei den Kunden vor Ort<\/p>\n<p style=\"color: #5e5e5d;\">&#8211;\u00a0\u00a0\u00a0\u00a0\u00a0\u00a0\u00a0\u00a0\u00a0\u00a0Fachliche Verantwortung f\u00fcr die Konstruktion und technische Auslegung der Kundenprojekte<\/p>\n<p style=\"color: #5e5e5d;\">&#8211;\u00a0\u00a0\u00a0\u00a0\u00a0\u00a0\u00a0\u00a0\u00a0\u00a0Kalkulation der Kundenprojekte und Kapazit\u00e4tsplanung im Verantwortungsbereich<\/p>\n<p style=\"color: #5e5e5d;\">&#8211;\u00a0\u00a0\u00a0\u00a0\u00a0\u00a0\u00a0\u00a0\u00a0\u00a0Aktive Mitarbeit an der strategischen Weiterentwicklung des Unternehmens.<\/p>\n<p style=\"color: #5e5e5d;\"><strong>Ihre Vorteile:<\/strong><\/p>\n<p style=\"color: #5e5e5d;\">&#8211;\u00a0\u00a0\u00a0\u00a0\u00a0\u00a0\u00a0\u00a0\u00a0\u00a0Sehr gro\u00dfer Handlungs- und Gestaltungsspielraum<\/p>\n<p style=\"color: #5e5e5d;\">&#8211;\u00a0\u00a0\u00a0\u00a0\u00a0\u00a0\u00a0\u00a0\u00a0\u00a0Gutes, p\u00fcnktliches Gehalt<\/p>\n<p style=\"color: #5e5e5d;\">&#8211;\u00a0\u00a0\u00a0\u00a0\u00a0\u00a0\u00a0\u00a0\u00a0\u00a0Herausfordernde T\u00e4tigkeit an strategisch wichtiger Position<\/p>\n<p style=\"color: #5e5e5d;\">&#8211;\u00a0\u00a0\u00a0\u00a0\u00a0\u00a0\u00a0\u00a0\u00a0\u00a0Flexible Arbeitszeiten in einem innovativen Unternehmen<\/p>\n<p style=\"color: #5e5e5d;\">\n<p style=\"color: #5e5e5d;\">Wenn sich das f\u00fcr Sie wie eine geeignete Aufgabe liest, bewerben Sie sich bitte per eMail mit Lebenslauf und Arbeitszeugnissen bei unserem Leiter Personal Herrn Michael Donatus!<\/p>\n<p style=\"color: #5e5e5d;\"><a class=\"mail\" style=\"color: #5e5e5d;\" title=\"Opens window for sending email\" href=\"mailto:donatus@fad-dresden.de\">donatus@fad-dresden.de<\/a><\/p>\n<p>&nbsp;<\/p>\n<h1><\/h1>\n<p>___________________________________________________________________________________________<\/p>\n<p>&nbsp;<\/p>\n<h1><span style=\"font-size: 14pt;\"><strong><span style=\"font-family: tahoma, arial, helvetica, sans-serif;\">Steuerberater \/ in f\u00fcr die NL Dresden mit Ziel Partnerschaft<\/span><\/strong><\/span><\/h1>\n<p><span style=\"font-family: tahoma, arial, helvetica, sans-serif;\">F\u00fcr unseren Auftraggeber Dr. Schmidt und Partner suchen wir zum n\u00e4chstm\u00f6glichen Zeitpunkt eine\/n Steuerberater\/in. Als eine der bundesweit gr\u00f6\u00dften Kanzleien mit dem Beratungsfokus auf Heilberuflern betreuen sie\u00a0seit mehr als 65 Jahren\u00a0<\/span><span style=\"font-family: tahoma, arial, helvetica, sans-serif;\">Apotheken und \u00c4rzte in steuerlichen, juristischen und betriebswirtschaftlichen Fragen.<\/span><br \/>\n<span style=\"font-family: tahoma, arial, helvetica, sans-serif;\">Dabei legen sie\u00a0an ihren\u00a0vier Standorten gro\u00dfen Wert auf Mandantenn\u00e4he und enge, kooperative Zusammenarbeit. <\/span><\/p>\n<p><span style=\"font-family: tahoma, arial, helvetica, sans-serif;\">F\u00fcr ihr\u00a0<\/span><span style=\"font-family: tahoma, arial, helvetica, sans-serif;\">Stammhaus in Koblenz und ihre\u00a0Niederlassung in Dresden suchen sie\u00a0je einen Steuerberater (m\/w), der sie\u00a0in Zukunft bei dieser\u00a0<\/span><span style=\"font-family: tahoma, arial, helvetica, sans-serif;\">anspruchsvollen Arbeit unterst\u00fctzt. Sie\u00a0bieten Ihnen alle M\u00f6glichkeiten der branchenspezifischen Fortbildung und geben Ihnen\u00a0ihr<\/span><span style=\"font-family: tahoma, arial, helvetica, sans-serif;\">\u00a0Wissen und\u00a0langj\u00e4hrige Erfahrung weiter.<\/span><\/p>\n<p><span style=\"font-family: tahoma, arial, helvetica, sans-serif;\">Zu Ihren Aufgaben geh\u00f6ren u. a.:<\/span><br \/>\n<span style=\"font-family: tahoma, arial, helvetica, sans-serif;\">\u2022 Beratung bei steuerrechtlichen Sachverhalten<\/span><br \/>\n<span style=\"font-family: tahoma, arial, helvetica, sans-serif;\">\u2022 Beratung in betriebswirtschaftlichen Fragestellungen<\/span><br \/>\n<span style=\"font-family: tahoma, arial, helvetica, sans-serif;\">\u2022 Existenzgr\u00fcndungsberatung<\/span><br \/>\n<span style=\"font-family: tahoma, arial, helvetica, sans-serif;\">\u2022 Selbst\u00e4ndige Betreuung unserer \u00fcberwiegend mittelst\u00e4ndigen Mandanten im unternehmerischen und privaten Bereich<\/span><br \/>\n<span style=\"font-family: tahoma, arial, helvetica, sans-serif;\">\u2022 Vortragst\u00e4tigkeiten<\/span><\/p>\n<p><span style=\"font-family: tahoma, arial, helvetica, sans-serif;\">Wir erwarten:<\/span><br \/>\n<span style=\"font-family: tahoma, arial, helvetica, sans-serif;\">\u2022 Wirtschaftswissenschaftliches Studium oder Ausbildung im Steuerrecht<\/span><br \/>\n<span style=\"font-family: tahoma, arial, helvetica, sans-serif;\">\u2022 Erfolgreich abgelegtes Steuerberaterexamen<\/span><br \/>\n<span style=\"font-family: tahoma, arial, helvetica, sans-serif;\">\u2022 Eine unternehmerisch denkende Pers\u00f6nlichkeit mit mandantenorientiertem Arbeitsstil<\/span><br \/>\n<span style=\"font-family: tahoma, arial, helvetica, sans-serif;\">\u2022 Selbst\u00e4ndiges und eigenverantwortliches Handeln sowie Teamgeist<\/span><br \/>\n<span style=\"font-family: tahoma, arial, helvetica, sans-serif;\">\u2022 hohe fachliche Kompetenz im Steuerrecht<\/span><br \/>\n<span style=\"font-family: tahoma, arial, helvetica, sans-serif;\">\u2022 Datev-Kenntnisse<\/span><br \/>\n<span style=\"font-family: tahoma, arial, helvetica, sans-serif;\">\u2022 Reisebereitschaft<\/span><br \/>\n<span style=\"font-family: tahoma, arial, helvetica, sans-serif;\">\u2022 Spezielle Kenntnisse im Bereich der Heilberufe vorteilhaft, aber nicht zwingend notwendig<\/span><br \/>\n<span style=\"font-family: tahoma, arial, helvetica, sans-serif;\">\u2022 Eine strukturierte, exakte und selbst\u00e4ndige Arbeitsweise<\/span><br \/>\n<span style=\"font-family: tahoma, arial, helvetica, sans-serif;\">\u2022 Kenntnisse in den Bereichen Finanzbuchhaltung und Jahresabschl\u00fcssen<\/span><br \/>\n<span style=\"font-family: tahoma, arial, helvetica, sans-serif;\">\u2022 Zuverl\u00e4ssigkeit, Eigeninitiative und Vertraulichkeit runden Ihr Profil ab<\/span><\/p>\n<p><span style=\"font-family: tahoma, arial, helvetica, sans-serif;\">Wir bieten:<\/span><br \/>\n<span style=\"font-family: tahoma, arial, helvetica, sans-serif;\">\u2022 Dynamisch kollegiales Team<\/span><br \/>\n<span style=\"font-family: tahoma, arial, helvetica, sans-serif;\">\u2022 Ein professionelles, interdisziplin\u00e4res Umfeld von Steuerberatern und Rechtsanw\u00e4lten<\/span><br \/>\n<span style=\"font-family: tahoma, arial, helvetica, sans-serif;\">\u2022 Arbeitsumfeld mit sehr gutem Betriebsklima<\/span><br \/>\n<span style=\"font-family: tahoma, arial, helvetica, sans-serif;\">\u2022 Attraktives, leistungsorientiertes Einkommen<\/span><br \/>\n<span style=\"font-family: tahoma, arial, helvetica, sans-serif;\">Wir freuen uns auf Ihre Bewerbung, gerne auch per E-Mail, an<\/span><\/p>\n<p><span style=\"font-family: tahoma, arial, helvetica, sans-serif;\">Herrn Michael Donatus. Sie erreichen ihn unter +49 (0)151 6511 6249 oder per eMail an mid@donatus-werke.de !<\/span><\/p>\n<p>&nbsp;<\/p>\n","protected":false},"excerpt":{"rendered":"<p>Leiter Konstruktion \/ Technologie Arbeitsort Dresden-Niedersedlitz Unser Kunde, die FAD Fertigungs- und Automatisierungstechnik GmbH ist ein auf hydraulische Spannvorrichtungen f\u00fcr [&hellip;]<\/p>\n","protected":false},"author":1,"featured_media":0,"parent":0,"menu_order":0,"comment_status":"open","ping_status":"open","template":"","meta":[],"_links":{"self":[{"href":"http:\/\/www.donatus-werke.de\/index.php\/wp-json\/wp\/v2\/pages\/288"}],"collection":[{"href":"http:\/\/www.donatus-werke.de\/index.php\/wp-json\/wp\/v2\/pages"}],"about":[{"href":"http:\/\/www.donatus-werke.de\/index.php\/wp-json\/wp\/v2\/types\/page"}],"author":[{"embeddable":true,"href":"http:\/\/www.donatus-werke.de\/index.php\/wp-json\/wp\/v2\/users\/1"}],"replies":[{"embeddable":true,"href":"http:\/\/www.donatus-werke.de\/index.php\/wp-json\/wp\/v2\/comments?post=288"}],"version-history":[{"count":22,"href":"http:\/\/www.donatus-werke.de\/index.php\/wp-json\/wp\/v2\/pages\/288\/revisions"}],"predecessor-version":[{"id":296,"href":"http:\/\/www.donatus-werke.de\/index.php\/wp-json\/wp\/v2\/pages\/288\/revisions\/296"}],"wp:attachment":[{"href":"http:\/\/www.donatus-werke.de\/index.php\/wp-json\/wp\/v2\/media?parent=288"}],"curies":[{"name":"wp","href":"https:\/\/api.w.org\/{rel}","templated":true}]}}