{"id":27,"date":"2013-03-20T13:29:00","date_gmt":"2013-03-20T11:29:00","guid":{"rendered":"http:\/\/donatus-werke.de\/2013\/?page_id=27"},"modified":"2016-03-15T10:29:11","modified_gmt":"2016-03-15T09:29:11","slug":"grundlagentraining-vertrieb","status":"publish","type":"page","link":"http:\/\/www.donatus-werke.de\/index.php\/kommunikation-im-mittelstand\/grundlagentraining-vertrieb\/","title":{"rendered":"Grundlagentraining Vertrieb"},"content":{"rendered":"<p><span style=\"font-family: verdana, geneva; font-size: 12pt;\">Dieses Training richtet sich an neue Mitarbeiter im Vertrieb und Kollegen aus Technik und IT, die im Laufe der Zeit immer mehr Vertriebsaufgaben \u00fcbernommen haben und nun ihre Arbeit durch Methodenkompetenz effektiver und effizienter gestalten m\u00f6chten.<\/span><\/p>\n<p><span style=\"font-family: verdana, geneva; font-size: 12pt;\">Ziel des Grundlagentrainings ist es im ersten Schritt, vorherrschende Klischees \u00fcber Vertrieb und Verk\u00e4ufer zu diskutieren und den Weg frei zu machen, mit der richtigen Einstellung erfolgreich im Vertrieb durchzustarten.Dazu werden anschlie\u00dfend wichtige Fertigkeiten und Kenntnisse der Rhetorik vermittelt. <\/span><\/p>\n<p><span style=\"font-family: verdana, geneva; font-size: 12pt;\">Konkret ins Detail gehen wir dann im Training zum erfolgreichen Telefonieren, zielorientierter interner Kommunikation und wie Sie den Kundennutzen finden und darstellen k\u00f6nnen.<\/span><\/p>\n<p><span style=\"font-family: verdana, geneva; font-size: 12pt;\">Besonders wichtig, aber unter Vertriebsgenies sehr unbeliebt, sind die Organisation und das Informationsmanagement. Was unabdingbar ist sowie Tipps und Tricks, wie ich diese Aufgaben am effizientesten bew\u00e4ltige, erfahren die Teilnehmer in diesem Seminarangebot.<\/span><\/p>\n<p><span style=\"font-family: verdana, geneva; font-size: 12pt;\">Komplettiert wird das Basiswissen durch Fertigkeiten im Beschwerdemanagement und die K\u00f6nigsdisziplin des Vertriebs, das richtige Zuh\u00f6ren. Zu einem Grundlagentraining Vertrieb geh\u00f6rt diese Kunst genauso selbstverst\u00e4ndlich dazu, wie zu jedem weiterf\u00fchrenden Angebot auch.<\/span><\/p>\n<p><span style=\"font-family: verdana, geneva; font-size: 12pt;\">Hier findet sich dann auch der \u00dcbergang zur Praxisphase und zum n\u00e4chsten Anspruchsniveau. Die Praxisphase wird von mir auf Wunsch auch als Coach begleitet.<\/span><\/p>\n<p><span style=\"font-family: verdana, geneva; font-size: 12pt;\">Nat\u00fcrlich gehe ich w\u00e4hrend des Trainings auf individuelle Fragen und W\u00fcnsche in der Seminargruppe ein.<\/span><\/p>\n<p><span style=\"font-family: verdana, geneva; font-size: 12pt;\">Bitte <a title=\"Kontakt\" href=\"http:\/\/donatus-werke.de\/index.php\/kontakt\/\">kontaktieren<\/a> Sie mich, wenn Ihnen noch Inhalte fehlen oder Fragen zu diesem Angebot auftauchen!<\/span><\/p>\n<p>&nbsp;<\/p>\n<p>&nbsp;<\/p>\n","protected":false},"excerpt":{"rendered":"<p>Dieses Training richtet sich an neue Mitarbeiter im Vertrieb und Kollegen aus Technik und IT, die im Laufe der Zeit [&hellip;]<\/p>\n","protected":false},"author":1,"featured_media":0,"parent":45,"menu_order":0,"comment_status":"open","ping_status":"open","template":"","meta":[],"_links":{"self":[{"href":"http:\/\/www.donatus-werke.de\/index.php\/wp-json\/wp\/v2\/pages\/27"}],"collection":[{"href":"http:\/\/www.donatus-werke.de\/index.php\/wp-json\/wp\/v2\/pages"}],"about":[{"href":"http:\/\/www.donatus-werke.de\/index.php\/wp-json\/wp\/v2\/types\/page"}],"author":[{"embeddable":true,"href":"http:\/\/www.donatus-werke.de\/index.php\/wp-json\/wp\/v2\/users\/1"}],"replies":[{"embeddable":true,"href":"http:\/\/www.donatus-werke.de\/index.php\/wp-json\/wp\/v2\/comments?post=27"}],"version-history":[{"count":17,"href":"http:\/\/www.donatus-werke.de\/index.php\/wp-json\/wp\/v2\/pages\/27\/revisions"}],"predecessor-version":[{"id":30,"href":"http:\/\/www.donatus-werke.de\/index.php\/wp-json\/wp\/v2\/pages\/27\/revisions\/30"}],"up":[{"embeddable":true,"href":"http:\/\/www.donatus-werke.de\/index.php\/wp-json\/wp\/v2\/pages\/45"}],"wp:attachment":[{"href":"http:\/\/www.donatus-werke.de\/index.php\/wp-json\/wp\/v2\/media?parent=27"}],"curies":[{"name":"wp","href":"https:\/\/api.w.org\/{rel}","templated":true}]}}