{"id":24,"date":"2018-05-20T13:21:17","date_gmt":"2018-05-20T12:21:17","guid":{"rendered":"http:\/\/donatus-werke.de\/2013\/?page_id=24"},"modified":"2018-05-24T21:22:38","modified_gmt":"2018-05-24T20:22:38","slug":"kontakt","status":"publish","type":"page","link":"http:\/\/www.donatus-werke.de\/index.php\/kontakt\/","title":{"rendered":"Kontakt"},"content":{"rendered":"<p>Aufgrund der \u00e4usserst intelligenten neuen DSGVO und auch menschlich komplett \u00fcberfl\u00fcssiger Abmahnanw\u00e4lte, die sonst wohl eher wenig Nutzen erzielen, verzichte ich auf ein Kontaktformular!<\/p>\n<p>Sie erreichen mich \u00fcber mein xing-Profil:<\/p>\n<p><a title=\"XING Profil Michael Donatus\" href=\"https:\/\/www.xing.com\/profile\/Michael_Donatus\" target=\"_blank\">Michael Donatus<\/a><\/p>\n<p>oder per Email an mid@donatus-werke.de!<\/p>\n<p>&nbsp;<\/p>\n","protected":false},"excerpt":{"rendered":"<p>Aufgrund der \u00e4usserst intelligenten neuen DSGVO und auch menschlich komplett \u00fcberfl\u00fcssiger Abmahnanw\u00e4lte, die sonst wohl eher wenig Nutzen erzielen, verzichte [&hellip;]<\/p>\n","protected":false},"author":1,"featured_media":0,"parent":0,"menu_order":0,"comment_status":"open","ping_status":"open","template":"","meta":[],"_links":{"self":[{"href":"http:\/\/www.donatus-werke.de\/index.php\/wp-json\/wp\/v2\/pages\/24"}],"collection":[{"href":"http:\/\/www.donatus-werke.de\/index.php\/wp-json\/wp\/v2\/pages"}],"about":[{"href":"http:\/\/www.donatus-werke.de\/index.php\/wp-json\/wp\/v2\/types\/page"}],"author":[{"embeddable":true,"href":"http:\/\/www.donatus-werke.de\/index.php\/wp-json\/wp\/v2\/users\/1"}],"replies":[{"embeddable":true,"href":"http:\/\/www.donatus-werke.de\/index.php\/wp-json\/wp\/v2\/comments?post=24"}],"version-history":[{"count":7,"href":"http:\/\/www.donatus-werke.de\/index.php\/wp-json\/wp\/v2\/pages\/24\/revisions"}],"predecessor-version":[{"id":581,"href":"http:\/\/www.donatus-werke.de\/index.php\/wp-json\/wp\/v2\/pages\/24\/revisions\/581"}],"wp:attachment":[{"href":"http:\/\/www.donatus-werke.de\/index.php\/wp-json\/wp\/v2\/media?parent=24"}],"curies":[{"name":"wp","href":"https:\/\/api.w.org\/{rel}","templated":true}]}}